{"id":817,"date":"2025-06-02T10:46:27","date_gmt":"2025-06-02T07:46:27","guid":{"rendered":"https:\/\/compass-services.gr\/?page_id=817"},"modified":"2025-06-25T14:12:57","modified_gmt":"2025-06-25T11:12:57","slug":"oroi-chrisis","status":"publish","type":"page","link":"https:\/\/compass-services.gr\/fr\/oroi-chrisis\/","title":{"rendered":"Conditions d'utilisation"},"content":{"rendered":"<h3 class=\"wp-block-heading\" id=\"1-\u03b5\u03b9\u03c3\u03b1\u03b3\u03c9\u03b3\u03ae\">1. Introduction<\/h3>\n\n\n\n<p>En naviguant sur le site et en l'utilisant, le visiteur\/utilisateur accepte inconditionnellement les conditions d'utilisation suivantes, qui s'appliquent \u00e0 l'ensemble du contenu, des pages, des graphiques, des images et des services du site.<\/p>\n\n\n\n<h3 class=\"wp-block-heading\" id=\"2-\u03b4\u03b9\u03ba\u03b1\u03b9\u03ce\u03bc\u03b1\u03c4\u03b1-\u03c0\u03bd\u03b5\u03c5\u03bc\u03b1\u03c4\u03b9\u03ba\u03ae\u03c2-\u03b9\u03b4\u03b9\u03bf\u03ba\u03c4\u03b7\u03c3\u03af\u03b1\u03c2\">2. Droits de propri\u00e9t\u00e9 intellectuelle<\/h3>\n\n\n\n<p>Tout le contenu du site web (textes, logos, graphiques, images, photos, fichiers, structure, etc.) est la propri\u00e9t\u00e9 intellectuelle de Compass Services, sauf indication contraire, et est prot\u00e9g\u00e9 par les dispositions de la l\u00e9gislation grecque et europ\u00e9enne. La reproduction, la distribution, la modification ou l'exploitation commerciale du contenu sont interdites sans autorisation \u00e9crite pr\u00e9alable.<\/p>\n\n\n\n<h3 class=\"wp-block-heading\" id=\"3-\u03c0\u03b5\u03c1\u03b9\u03bf\u03c1\u03b9\u03c3\u03bc\u03cc\u03c2-\u03b5\u03c5\u03b8\u03cd\u03bd\u03b7\u03c2\">3. Limitation de la responsabilit\u00e9<\/h3>\n\n\n\n<p>Compass Services met tout en \u0153uvre pour garantir l'exactitude, l'actualit\u00e9 et l'exhaustivit\u00e9 des informations fournies sur le site web. Compass Services n'est pas responsable des erreurs, omissions ou inexactitudes dans les informations, ni des dommages r\u00e9sultant de l'utilisation du site web ou de l'impossibilit\u00e9 d'y acc\u00e9der.<\/p>\n\n\n\n<h3 class=\"wp-block-heading\" id=\"4-\u03c3\u03c5\u03bd\u03b4\u03ad\u03c3\u03b5\u03b9\u03c2-\u03bc\u03b5-\u03ac\u03bb\u03bb\u03bf\u03c5\u03c2-\u03b9\u03c3\u03c4\u03cc\u03c4\u03bf\u03c0\u03bf\u03c5\u03c2\">4. Liens vers d'autres sites web<\/h3>\n\n\n\n<p>Le site web peut contenir des liens vers des sites web de tiers. Ces liens sont fournis pour la commodit\u00e9 des visiteurs et les services Compass ne sont pas responsables du contenu ou des politiques de confidentialit\u00e9 de ces sites.<\/p>\n\n\n\n<h3 class=\"wp-block-heading\" id=\"5-\u03c5\u03c0\u03bf\u03c7\u03c1\u03b5\u03ce\u03c3\u03b5\u03b9\u03c2-\u03c7\u03c1\u03ae\u03c3\u03c4\u03b7\">5. Obligations de l'utilisateur<\/h3>\n\n\n\n<p>Le visiteur\/utilisateur du site web doit faire un usage l\u00e9gal et correct du site web, ne pas violer les droits des tiers et se conformer aux lois applicables. L'envoi ou la publication de contenu offensant, ill\u00e9gal ou nuisible est strictement interdit.<\/p>\n\n\n\n<h3 class=\"wp-block-heading\" id=\"6-\u03c4\u03c1\u03bf\u03c0\u03bf\u03c0\u03bf\u03b9\u03ae\u03c3\u03b5\u03b9\u03c2-\u03cc\u03c1\u03c9\u03bd\">6. Modifications des conditions<\/h3>\n\n\n\n<p>Compass Services se r\u00e9serve le droit de modifier les pr\u00e9sentes conditions d'utilisation \u00e0 tout moment et sans pr\u00e9avis. Les visiteurs\/utilisateurs sont invit\u00e9s \u00e0 consulter r\u00e9guli\u00e8rement les conditions d'utilisation pour prendre connaissance d'\u00e9ventuels changements.<\/p>\n\n\n\n<h3 class=\"wp-block-heading\" id=\"7-\u03b5\u03c6\u03b1\u03c1\u03bc\u03bf\u03c3\u03c4\u03ad\u03bf-\u03b4\u03af\u03ba\u03b1\u03b9\u03bf\">7. Droit applicable<\/h3>\n\n\n\n<p>Les pr\u00e9sentes conditions sont r\u00e9gies par le droit grec. Pour tout litige r\u00e9sultant de l'utilisation du site web, les tribunaux d'Ath\u00e8nes sont comp\u00e9tents.<\/p>","protected":false},"excerpt":{"rendered":"<p>1. \u0395\u03b9\u03c3\u03b1\u03b3\u03c9\u03b3\u03ae \u039f \u03c0\u03b1\u03c1\u03ce\u03bd \u03b9\u03c3\u03c4\u03cc\u03c4\u03bf\u03c0\u03bf\u03c2 compass-services.gr (\u03b5\u03c6\u03b5\u03be\u03ae\u03c2 \u00ab\u0399\u03c3\u03c4\u03cc\u03c4\u03bf\u03c0\u03bf\u03c2\u00bb) \u03b1\u03c0\u03bf\u03c4\u03b5\u03bb\u03b5\u03af \u03b9\u03b4\u03b9\u03bf\u03ba\u03c4\u03b7\u03c3\u03af\u03b1 \u03c4\u03b7\u03c2 \u03b5\u03c4\u03b1\u03b9\u03c1\u03b5\u03af\u03b1\u03c2 Compass Services. \u039c\u03b5 \u03c4\u03b7\u03bd \u03c0\u03b5\u03c1\u03b9\u03ae\u03b3\u03b7\u03c3\u03b7 \u03ba\u03b1\u03b9 \u03c4\u03b7 \u03c7\u03c1\u03ae\u03c3\u03b7 \u03c4\u03bf\u03c5 \u0399\u03c3\u03c4\u03cc\u03c4\u03bf\u03c0\u03bf\u03c5, \u03bf \u03b5\u03c0\u03b9\u03c3\u03ba\u03ad\u03c0\u03c4\u03b7\u03c2\/\u03c7\u03c1\u03ae\u03c3\u03c4\u03b7\u03c2 \u03b1\u03c0\u03bf\u03b4\u03ad\u03c7\u03b5\u03c4\u03b1\u03b9 \u03b1\u03bd\u03b5\u03c0\u03b9\u03c6\u03cd\u03bb\u03b1\u03ba\u03c4\u03b1 \u03c4\u03bf\u03c5\u03c2 \u03b1\u03ba\u03cc\u03bb\u03bf\u03c5\u03b8\u03bf\u03c5\u03c2 \u03cc\u03c1\u03bf\u03c5\u03c2 \u03c7\u03c1\u03ae\u03c3\u03b7\u03c2, \u03bf\u03b9 \u03bf\u03c0\u03bf\u03af\u03bf\u03b9 \u03b9\u03c3\u03c7\u03cd\u03bf\u03c5\u03bd \u03b3\u03b9\u03b1 \u03c4\u03bf \u03c3\u03cd\u03bd\u03bf\u03bb\u03bf \u03c4\u03bf\u03c5 \u03c0\u03b5\u03c1\u03b9\u03b5\u03c7\u03bf\u03bc\u03ad\u03bd\u03bf\u03c5, \u03c4\u03c9\u03bd \u03c3\u03b5\u03bb\u03af\u03b4\u03c9\u03bd, \u03c4\u03c9\u03bd \u03b3\u03c1\u03b1\u03c6\u03b9\u03ba\u03ce\u03bd, \u03c4\u03c9\u03bd \u03b5\u03b9\u03ba\u03cc\u03bd\u03c9\u03bd \u03ba\u03b1\u03b9 \u03c4\u03c9\u03bd \u03c5\u03c0\u03b7\u03c1\u03b5\u03c3\u03b9\u03ce\u03bd \u03c4\u03bf\u03c5 \u0399\u03c3\u03c4\u03cc\u03c4\u03bf\u03c0\u03bf\u03c5. 2. \u0394\u03b9\u03ba\u03b1\u03b9\u03ce\u03bc\u03b1\u03c4\u03b1 \u03a0\u03bd\u03b5\u03c5\u03bc\u03b1\u03c4\u03b9\u03ba\u03ae\u03c2 \u0399\u03b4\u03b9\u03bf\u03ba\u03c4\u03b7\u03c3\u03af\u03b1\u03c2 \u038c\u03bb\u03bf \u03c4\u03bf [&hellip;]<\/p>\n","protected":false},"author":1,"featured_media":0,"parent":0,"menu_order":0,"comment_status":"closed","ping_status":"closed","template":"","meta":{"_gspb_post_css":"","footnotes":""},"class_list":["post-817","page","type-page","status-publish","hentry"],"blocksy_meta":[],"_links":{"self":[{"href":"https:\/\/compass-services.gr\/fr\/wp-json\/wp\/v2\/pages\/817","targetHints":{"allow":["GET"]}}],"collection":[{"href":"https:\/\/compass-services.gr\/fr\/wp-json\/wp\/v2\/pages"}],"about":[{"href":"https:\/\/compass-services.gr\/fr\/wp-json\/wp\/v2\/types\/page"}],"author":[{"embeddable":true,"href":"https:\/\/compass-services.gr\/fr\/wp-json\/wp\/v2\/users\/1"}],"replies":[{"embeddable":true,"href":"https:\/\/compass-services.gr\/fr\/wp-json\/wp\/v2\/comments?post=817"}],"version-history":[{"count":0,"href":"https:\/\/compass-services.gr\/fr\/wp-json\/wp\/v2\/pages\/817\/revisions"}],"wp:attachment":[{"href":"https:\/\/compass-services.gr\/fr\/wp-json\/wp\/v2\/media?parent=817"}],"curies":[{"name":"wp","href":"https:\/\/api.w.org\/{rel}","templated":true}]}}