{"id":817,"date":"2025-06-02T10:46:27","date_gmt":"2025-06-02T07:46:27","guid":{"rendered":"https:\/\/compass-services.gr\/?page_id=817"},"modified":"2025-06-25T14:12:57","modified_gmt":"2025-06-25T11:12:57","slug":"oroi-chrisis","status":"publish","type":"page","link":"https:\/\/compass-services.gr\/de\/oroi-chrisis\/","title":{"rendered":"Bedingungen f\u00fcr die Nutzung"},"content":{"rendered":"<h3 class=\"wp-block-heading\" id=\"1-\u03b5\u03b9\u03c3\u03b1\u03b3\u03c9\u03b3\u03ae\">1. Einleitung<\/h3>\n\n\n\n<p>Diese Website compass-services.gr (im Folgenden \"Website\") ist Eigentum von Compass Services. Durch das Durchsuchen und die Nutzung der Website akzeptiert der Besucher\/Nutzer bedingungslos die folgenden Nutzungsbedingungen, die f\u00fcr alle Inhalte, Seiten, Grafiken, Bilder und Dienstleistungen der Website gelten.<\/p>\n\n\n\n<h3 class=\"wp-block-heading\" id=\"2-\u03b4\u03b9\u03ba\u03b1\u03b9\u03ce\u03bc\u03b1\u03c4\u03b1-\u03c0\u03bd\u03b5\u03c5\u03bc\u03b1\u03c4\u03b9\u03ba\u03ae\u03c2-\u03b9\u03b4\u03b9\u03bf\u03ba\u03c4\u03b7\u03c3\u03af\u03b1\u03c2\">2. Rechte an geistigem Eigentum<\/h3>\n\n\n\n<p>Der gesamte Inhalt der Website (Texte, Logos, Grafiken, Bilder, Fotos, Dateien, Struktur usw.) ist geistiges Eigentum von Compass Services, sofern nicht anders angegeben, und ist durch die griechische und europ\u00e4ische Gesetzgebung gesch\u00fctzt. Die Vervielf\u00e4ltigung, Verbreitung, \u00c4nderung oder kommerzielle Verwertung des Inhalts ist ohne vorherige schriftliche Genehmigung verboten.<\/p>\n\n\n\n<h3 class=\"wp-block-heading\" id=\"3-\u03c0\u03b5\u03c1\u03b9\u03bf\u03c1\u03b9\u03c3\u03bc\u03cc\u03c2-\u03b5\u03c5\u03b8\u03cd\u03bd\u03b7\u03c2\">3. Begrenzung der Haftung<\/h3>\n\n\n\n<p>Compass Services unternimmt alle Anstrengungen, um die Richtigkeit, Aktualit\u00e4t und Vollst\u00e4ndigkeit der auf der Website bereitgestellten Informationen zu gew\u00e4hrleisten. Compass Services haftet weder f\u00fcr Fehler, Auslassungen oder Ungenauigkeiten in den Informationen noch f\u00fcr Sch\u00e4den, die sich aus der Nutzung der Website oder der Unm\u00f6glichkeit des Zugangs zu ihr ergeben.<\/p>\n\n\n\n<h3 class=\"wp-block-heading\" id=\"4-\u03c3\u03c5\u03bd\u03b4\u03ad\u03c3\u03b5\u03b9\u03c2-\u03bc\u03b5-\u03ac\u03bb\u03bb\u03bf\u03c5\u03c2-\u03b9\u03c3\u03c4\u03cc\u03c4\u03bf\u03c0\u03bf\u03c5\u03c2\">4. Links zu anderen Websites<\/h3>\n\n\n\n<p>Die Website kann Links zu Websites von Dritten enthalten. Diese Links dienen der Bequemlichkeit der Besucher und Compass Services ist nicht verantwortlich f\u00fcr den Inhalt oder die Datenschutzrichtlinien dieser Websites.<\/p>\n\n\n\n<h3 class=\"wp-block-heading\" id=\"5-\u03c5\u03c0\u03bf\u03c7\u03c1\u03b5\u03ce\u03c3\u03b5\u03b9\u03c2-\u03c7\u03c1\u03ae\u03c3\u03c4\u03b7\">5. Pflichten des Nutzers<\/h3>\n\n\n\n<p>Der Besucher\/Nutzer der Website ist verpflichtet, die Website rechtm\u00e4\u00dfig und ordnungsgem\u00e4\u00df zu nutzen, die Rechte Dritter nicht zu verletzen und die geltenden Gesetze einzuhalten. Das Versenden oder Ver\u00f6ffentlichen von anst\u00f6\u00dfigen, illegalen oder sch\u00e4dlichen Inhalten ist streng verboten.<\/p>\n\n\n\n<h3 class=\"wp-block-heading\" id=\"6-\u03c4\u03c1\u03bf\u03c0\u03bf\u03c0\u03bf\u03b9\u03ae\u03c3\u03b5\u03b9\u03c2-\u03cc\u03c1\u03c9\u03bd\">6. \u00c4nderungen der Bedingungen<\/h3>\n\n\n\n<p>Compass Services beh\u00e4lt sich das Recht vor, diese Nutzungsbedingungen jederzeit und ohne vorherige Ank\u00fcndigung zu \u00e4ndern. Besucher\/Nutzer sollten die Bedingungen regelm\u00e4\u00dfig auf \u00c4nderungen \u00fcberpr\u00fcfen.<\/p>\n\n\n\n<h3 class=\"wp-block-heading\" id=\"7-\u03b5\u03c6\u03b1\u03c1\u03bc\u03bf\u03c3\u03c4\u03ad\u03bf-\u03b4\u03af\u03ba\u03b1\u03b9\u03bf\">7. Anwendbares Recht<\/h3>\n\n\n\n<p>Diese Bedingungen unterliegen dem griechischen Recht. F\u00fcr alle Streitigkeiten, die sich aus der Nutzung der Website ergeben k\u00f6nnen, sind die Gerichte von Athen zust\u00e4ndig.<\/p>","protected":false},"excerpt":{"rendered":"<p>1. \u0395\u03b9\u03c3\u03b1\u03b3\u03c9\u03b3\u03ae \u039f \u03c0\u03b1\u03c1\u03ce\u03bd \u03b9\u03c3\u03c4\u03cc\u03c4\u03bf\u03c0\u03bf\u03c2 compass-services.gr (\u03b5\u03c6\u03b5\u03be\u03ae\u03c2 \u00ab\u0399\u03c3\u03c4\u03cc\u03c4\u03bf\u03c0\u03bf\u03c2\u00bb) \u03b1\u03c0\u03bf\u03c4\u03b5\u03bb\u03b5\u03af \u03b9\u03b4\u03b9\u03bf\u03ba\u03c4\u03b7\u03c3\u03af\u03b1 \u03c4\u03b7\u03c2 \u03b5\u03c4\u03b1\u03b9\u03c1\u03b5\u03af\u03b1\u03c2 Compass Services. \u039c\u03b5 \u03c4\u03b7\u03bd \u03c0\u03b5\u03c1\u03b9\u03ae\u03b3\u03b7\u03c3\u03b7 \u03ba\u03b1\u03b9 \u03c4\u03b7 \u03c7\u03c1\u03ae\u03c3\u03b7 \u03c4\u03bf\u03c5 \u0399\u03c3\u03c4\u03cc\u03c4\u03bf\u03c0\u03bf\u03c5, \u03bf \u03b5\u03c0\u03b9\u03c3\u03ba\u03ad\u03c0\u03c4\u03b7\u03c2\/\u03c7\u03c1\u03ae\u03c3\u03c4\u03b7\u03c2 \u03b1\u03c0\u03bf\u03b4\u03ad\u03c7\u03b5\u03c4\u03b1\u03b9 \u03b1\u03bd\u03b5\u03c0\u03b9\u03c6\u03cd\u03bb\u03b1\u03ba\u03c4\u03b1 \u03c4\u03bf\u03c5\u03c2 \u03b1\u03ba\u03cc\u03bb\u03bf\u03c5\u03b8\u03bf\u03c5\u03c2 \u03cc\u03c1\u03bf\u03c5\u03c2 \u03c7\u03c1\u03ae\u03c3\u03b7\u03c2, \u03bf\u03b9 \u03bf\u03c0\u03bf\u03af\u03bf\u03b9 \u03b9\u03c3\u03c7\u03cd\u03bf\u03c5\u03bd \u03b3\u03b9\u03b1 \u03c4\u03bf \u03c3\u03cd\u03bd\u03bf\u03bb\u03bf \u03c4\u03bf\u03c5 \u03c0\u03b5\u03c1\u03b9\u03b5\u03c7\u03bf\u03bc\u03ad\u03bd\u03bf\u03c5, \u03c4\u03c9\u03bd \u03c3\u03b5\u03bb\u03af\u03b4\u03c9\u03bd, \u03c4\u03c9\u03bd \u03b3\u03c1\u03b1\u03c6\u03b9\u03ba\u03ce\u03bd, \u03c4\u03c9\u03bd \u03b5\u03b9\u03ba\u03cc\u03bd\u03c9\u03bd \u03ba\u03b1\u03b9 \u03c4\u03c9\u03bd \u03c5\u03c0\u03b7\u03c1\u03b5\u03c3\u03b9\u03ce\u03bd \u03c4\u03bf\u03c5 \u0399\u03c3\u03c4\u03cc\u03c4\u03bf\u03c0\u03bf\u03c5. 2. \u0394\u03b9\u03ba\u03b1\u03b9\u03ce\u03bc\u03b1\u03c4\u03b1 \u03a0\u03bd\u03b5\u03c5\u03bc\u03b1\u03c4\u03b9\u03ba\u03ae\u03c2 \u0399\u03b4\u03b9\u03bf\u03ba\u03c4\u03b7\u03c3\u03af\u03b1\u03c2 \u038c\u03bb\u03bf \u03c4\u03bf [&hellip;]<\/p>\n","protected":false},"author":1,"featured_media":0,"parent":0,"menu_order":0,"comment_status":"closed","ping_status":"closed","template":"","meta":{"_gspb_post_css":"","footnotes":""},"class_list":["post-817","page","type-page","status-publish","hentry"],"blocksy_meta":[],"_links":{"self":[{"href":"https:\/\/compass-services.gr\/de\/wp-json\/wp\/v2\/pages\/817","targetHints":{"allow":["GET"]}}],"collection":[{"href":"https:\/\/compass-services.gr\/de\/wp-json\/wp\/v2\/pages"}],"about":[{"href":"https:\/\/compass-services.gr\/de\/wp-json\/wp\/v2\/types\/page"}],"author":[{"embeddable":true,"href":"https:\/\/compass-services.gr\/de\/wp-json\/wp\/v2\/users\/1"}],"replies":[{"embeddable":true,"href":"https:\/\/compass-services.gr\/de\/wp-json\/wp\/v2\/comments?post=817"}],"version-history":[{"count":0,"href":"https:\/\/compass-services.gr\/de\/wp-json\/wp\/v2\/pages\/817\/revisions"}],"wp:attachment":[{"href":"https:\/\/compass-services.gr\/de\/wp-json\/wp\/v2\/media?parent=817"}],"curies":[{"name":"wp","href":"https:\/\/api.w.org\/{rel}","templated":true}]}}